{"id":4971,"date":"2025-05-22T11:00:18","date_gmt":"2025-05-22T09:00:18","guid":{"rendered":"https:\/\/staging.formatsoftware.de\/customs\/"},"modified":"2025-11-14T09:01:03","modified_gmt":"2025-11-14T08:01:03","slug":"customs","status":"publish","type":"page","link":"https:\/\/www.formatsoftware.de\/en\/customs\/","title":{"rendered":"Customs"},"content":{"rendered":"<div class=\"wpb-content-wrapper\"><section class=\"hero hero--image-outside  light\" \n                style=\"background-color: #0069b4; \">\n         <div class=\"container-fluid hero__container\">\n            <div class=\"grid__row hero__row\">\n                <div class=\"grid__item col-12 col-md-6\">\n                                        <div class=\"hero__image image image--4-3\"><img decoding=\"async\" class=\"image__file\" src=\"https:\/\/www.formatsoftware.de\/wp-content\/uploads\/2025\/09\/Customs-Hero.jpg\" alt=\"Ein Lkw, der auf einer Autobahn f\u00e4hrt, aufgenommen aus der Vogelperspektive. Digital eingef\u00fcgte Symbole um den Lkw symbolisieren die digitale Zollabwicklung\" title=\"Logistics &#038; Supply Chain\" \/><\/div>                                    <\/div>\n                <div class=\"grid__item col-12 col-md-6\">\n                    <div class=\"hero__content\">\n                        <h1 class=\"hero__header title title--bold\">\n                            Customs                                                        <span>Customs clearance from import to export<\/span>\n                                                    <\/h1>\n                        \n                        <div class=\"hero__text\"><div class=\"st-emotion-cache-1flajlm eeusbqq3\" data-testid=\"stChatMessageContent\" aria-label=\"Chat message from assistant\">\n<div class=\"st-emotion-cache-0 e1f1d6gn0\" data-testid=\"stVerticalBlockBorderWrapper\" data-test-scroll-behavior=\"normal\">\n<div class=\"st-emotion-cache-1wmy9hl e1f1d6gn1\">\n<div class=\"st-emotion-cache-xvb7ql e1f1d6gn2\" data-testid=\"stVerticalBlock\">\n<div class=\"st-emotion-cache-0 e1f1d6gn0\" data-testid=\"stVerticalBlockBorderWrapper\" data-test-scroll-behavior=\"normal\">\n<div class=\"st-emotion-cache-1wmy9hl e1f1d6gn1\">\n<div class=\"st-emotion-cache-xvb7ql e1f1d6gn2\" data-testid=\"stVerticalBlock\">\n<div class=\"element-container st-emotion-cache-9y0klh e1f1d6gn4\" data-stale=\"false\" data-testid=\"element-container\">\n<div class=\"stMarkdown\" data-testid=\"stMarkdown\">\n<div class=\"st-emotion-cache-uzeiqp e1nzilvr4\" data-testid=\"stMarkdownContainer\">\n<p>Optimise your cross-border goods movements by relying on robust customs management and efficient handling of customs procedures.<\/p>\n<\/div>\n<\/div>\n<\/div>\n<\/div>\n<\/div>\n<\/div>\n<\/div>\n<\/div>\n<\/div>\n<\/div>\n<\/div>                           \n                    <\/div>\n                <\/div>\n            <\/div>\n         <\/div>\n        <\/section>    \n\t\t[vc_section element_spacing=&#8221;space&#8211;large&#8221;][vc_row element_spacing=&#8221;space&#8211;large&#8221;][vc_column width=&#8221;1\/2&#8243;][vc_column_text]<\/p>\n<div class=\"st-emotion-cache-1flajlm eeusbqq3\" data-testid=\"stChatMessageContent\" aria-label=\"Chat message from assistant\">\n<div class=\"st-emotion-cache-0 e1f1d6gn0\" data-testid=\"stVerticalBlockBorderWrapper\" data-test-scroll-behavior=\"normal\">\n<div class=\"st-emotion-cache-1wmy9hl e1f1d6gn1\">\n<div class=\"st-emotion-cache-xvb7ql e1f1d6gn2\" data-testid=\"stVerticalBlock\">\n<div class=\"st-emotion-cache-0 e1f1d6gn0\" data-testid=\"stVerticalBlockBorderWrapper\" data-test-scroll-behavior=\"normal\">\n<div class=\"st-emotion-cache-1wmy9hl e1f1d6gn1\">\n<div class=\"st-emotion-cache-xvb7ql e1f1d6gn2\" data-testid=\"stVerticalBlock\">\n<div class=\"element-container st-emotion-cache-9y0klh e1f1d6gn4\" data-stale=\"false\" data-testid=\"element-container\">\n<div class=\"stMarkdown\" data-testid=\"stMarkdown\">\n<div class=\"st-emotion-cache-uzeiqp e1nzilvr4\" data-testid=\"stMarkdownContainer\">\n<p>Foreign trade is a key driver of economic growth \u2013 yet cross-border movement of goods, despite globalisation, entails numerous administrative and financial challenges. Effective customs management is therefore essential to optimise business processes, secure competitive advantages, and ensure full compliance with legal requirements.<\/p>\n<p>With the ongoing harmonisation of customs procedures in the EU, as envisaged under the EU Customs Reform, digital processes are being further simplified and cooperation between Member States is being strengthened. Our certified software solutions help you make the most of these developments and handle your customs procedures efficiently.<\/p>\n<\/div>\n<\/div>\n<\/div>\n<\/div>\n<\/div>\n<\/div>\n<\/div>\n<\/div>\n<\/div>\n<\/div>\n<p>[\/vc_column_text][\/vc_column][vc_column width=&#8221;1\/2&#8243;][vc_column_text]<\/p>\n<div class=\"st-emotion-cache-1flajlm eeusbqq3\" data-testid=\"stChatMessageContent\" aria-label=\"Chat message from assistant\">\n<div class=\"st-emotion-cache-0 e1f1d6gn0\" data-testid=\"stVerticalBlockBorderWrapper\" data-test-scroll-behavior=\"normal\">\n<div class=\"st-emotion-cache-1wmy9hl e1f1d6gn1\">\n<div class=\"st-emotion-cache-xvb7ql e1f1d6gn2\" data-testid=\"stVerticalBlock\">\n<div class=\"st-emotion-cache-0 e1f1d6gn0\" data-testid=\"stVerticalBlockBorderWrapper\" data-test-scroll-behavior=\"normal\">\n<div class=\"st-emotion-cache-1wmy9hl e1f1d6gn1\">\n<div class=\"st-emotion-cache-xvb7ql e1f1d6gn2\" data-testid=\"stVerticalBlock\">\n<div class=\"element-container st-emotion-cache-9y0klh e1f1d6gn4\" data-stale=\"false\" data-testid=\"element-container\">\n<div class=\"stMarkdown\" data-testid=\"stMarkdown\">\n<div class=\"st-emotion-cache-uzeiqp e1nzilvr4\" data-testid=\"stMarkdownContainer\">\n<p>Our solutions enable seamless electronic communication with customs authorities and provide direct access to official IT systems. Thanks to their modular design, they can be easily integrated into existing ERP and merchandise management systems. Product data is imported automatically, saving time and minimising errors.<\/p>\n<p>With FORMAT, you rely on future-proof software solutions that meet all current and future customs clearance requirements \u2013 efficient, legally compliant, and always up to date.<\/p>\n<\/div>\n<\/div>\n<\/div>\n<\/div>\n<\/div>\n<\/div>\n<\/div>\n<\/div>\n<\/div>\n<\/div>\n<p>[\/vc_column_text][\/vc_column][\/vc_row][\/vc_section][vc_section el_class=&#8221;bg-primary-a-200&#8243;][vc_row][vc_column]        <div class=\"section-header\">\r\n            <hr class=\"divider divider--blue\">\r\n                            <div class=\"section-header__content\">\r\n                    <p class=\"paragraph paragraph--bold section-header__text\">Software Solutions<\/p>\r\n                                    <\/div>\r\n                    <\/div> \r\n\t\t[\/vc_column][\/vc_row][vc_row][vc_column width=&#8221;1\/2&#8243;]            <div class=\"teaser-card  teaser-card--bg-color bg-neutrals-0\">\n                                    <div class=\"teaser-card__image-wrap\">\n                        <div class=\"teaser-card__image image image--16-9\">\n                            <img decoding=\"async\" src=\"https:\/\/www.formatsoftware.de\/wp-content\/uploads\/2025\/08\/IVEAS-Hero-1024x683.jpg\" class=\"image__file\" alt=\"\" \/>                        <\/div>\n                    <\/div>\n                                <div class=\"teaser-card__content\">\n                                            <h2 class=\"teaser-card__header h3 h3--bold\">Electronic customs processing<\/h2>\n                                        <p class=\"teaser-card__text paragraph\">FORMAT\u2011IVEAS is our end\u2011to\u2011end software solution that enables you to manage all import, export, shipping and foreign trade processes efficiently and in full compliance.<\/p>\n                <\/div>\n                                        <div class=\"teaser-card__button-wrap\">\n                            <a href=\"https:\/\/www.formatsoftware.de\/en\/customs\/electronic-customs-processing\/\" title=\"Learn more\" target=\"_self\">\n                                <button class=\"button button--invert \">\n                                    Learn more                                <\/button>\n                            <\/a>\n                        <\/div>\n                                                                <\/div> \n\t\t[\/vc_column][vc_column width=&#8221;1\/2&#8243;]            <div class=\"teaser-card  teaser-card--bg-color bg-neutrals-0\">\n                                    <div class=\"teaser-card__image-wrap\">\n                        <div class=\"teaser-card__image image image--16-9\">\n                            <img decoding=\"async\" src=\"https:\/\/www.formatsoftware.de\/wp-content\/uploads\/2025\/08\/ZELOS-Hero-1024x683.jpg\" class=\"image__file\" alt=\"\" \/>                        <\/div>\n                    <\/div>\n                                <div class=\"teaser-card__content\">\n                                            <h2 class=\"teaser-card__header h3 h3--bold\">Digital customs communication<\/h2>\n                                        <p class=\"teaser-card__text paragraph\">Our solution for the ATLAS application ZELOS: a platform for the central exchange of documents, inquiries, and comments directly with customs.<\/p>\n                <\/div>\n                                        <div class=\"teaser-card__button-wrap\">\n                            <a href=\"https:\/\/www.formatsoftware.de\/en\/customs\/digital-customs-communication\/\" title=\"Learn more\" target=\"_self\">\n                                <button class=\"button button--invert \">\n                                    Learn more                                <\/button>\n                            <\/a>\n                        <\/div>\n                                                                <\/div> \n\t\t[\/vc_column][\/vc_row][\/vc_section][vc_row disable_element=&#8221;yes&#8221;][vc_column]<div class=\"templatera_shortcode\">\r\n            <section class=\"teaser-section teaser-section--bg-color teaser-section--with-bg-image bg-primary-a-500  space--large\">\r\n                <div class=\"container-fluid teaser-section__container\">\r\n\r\n                                        <div class=\"row\">\r\n                        <div class=\"col-sm-12\">        \r\n                            <div class=\"section-header\">\r\n                                <hr class=\"divider divider--blue\">\r\n                                <div class=\"section-header__content\">\r\n                                    <p class=\"paragraph paragraph--bold section-header__text\">Kontakt<\/p>            \r\n                                <\/div>\r\n                            <\/div> \r\n                        <\/div>\r\n                    <\/div>\r\n                    \r\n                    <div class=\"grid__row\">\r\n                        <div class=\"grid__item col-12 col-sm-6\">\r\n                                                            <div class=\"teaser-section__image-wrap\">\r\n                                    <div class=\"teaser-section__image image image--16-9\">\r\n                                        <img decoding=\"async\" src=\"https:\/\/www.formatsoftware.de\/wp-content\/uploads\/2025\/09\/Kalender.jpg\" class=\"image__file\" alt=\"\" \/>                                    <\/div>\r\n                                <\/div>\r\n                                                    <\/div>\r\n                        <div class=\"grid__item col-12 col-sm-6 teaser-section__content\">\r\n                            <div class=\"teaser-section__text-wrapper\">\r\n                                <h2 class=\"teaser-section__header h2 h2--bold\">Gemeinsam finden wir die beste L\u00f6sung f\u00fcr Ihre Anforderungen.<\/h2>\r\n                                <div class=\"teaser-section__text\">Unser Vertriebsteam ist gern f\u00fcr Sie da!<\/div>\r\n                                <a href=\"https:\/\/www.formatsoftware.de\/de\/termin-vereinbaren\/\" title=\"Jetzt Termin vereinbaren\" target=\"_blank\">\r\n                                    <button class=\"button  button--invert button--icon-right\">\r\n                                        Jetzt Termin vereinbaren<i class=\"material-icons\">arrow_forward<\/i>\r\n                                    <\/button>\r\n                                <\/a>\r\n                            <\/div>\r\n                        <\/div>\r\n                    <\/div>\r\n                <\/div>\r\n            <\/section>  \r\n\t\t<\/div>[\/vc_column][\/vc_row][vc_section disable_element=&#8221;yes&#8221;][vc_row][vc_column]        <div class=\"section-header\">\r\n            <hr class=\"divider divider--blue\">\r\n                            <div class=\"section-header__content\">\r\n                    <p class=\"paragraph paragraph--bold section-header__text\">News<\/p>\r\n                                            <div class=\"section-header__cta\">\r\n                            <a href=\"\" class=\"link link--secondary link--with-icon\" title=\"Alle ansehen\" target=\"_self\">\r\n                                Alle ansehen <i class=\"material-icons\">arrow_forward<\/i>\r\n                            <\/a>\r\n                        <\/div>\r\n                                    <\/div>\r\n                    <\/div> \r\n\t\t[\/vc_column][\/vc_row][\/vc_section][vc_row disable_element=&#8221;yes&#8221;][vc_column]<div class=\"templatera_shortcode\">\r\n            <section class=\"teaser-section teaser-section--bg-color teaser-section--with-bg-image bg-primary-a-200  \">\r\n                <div class=\"container-fluid teaser-section__container\">\r\n\r\n                                        <div class=\"row\">\r\n                        <div class=\"col-sm-12\">        \r\n                            <div class=\"section-header\">\r\n                                <hr class=\"divider divider--blue\">\r\n                                <div class=\"section-header__content\">\r\n                                    <p class=\"paragraph paragraph--bold section-header__text\">Newsletter<\/p>            \r\n                                <\/div>\r\n                            <\/div> \r\n                        <\/div>\r\n                    <\/div>\r\n                    \r\n                    <div class=\"grid__row\">\r\n                        <div class=\"grid__item col-12 col-sm-6\">\r\n                                                            <div class=\"teaser-section__image-wrap\">\r\n                                    <div class=\"teaser-section__image image image--16-9\">\r\n                                        <img decoding=\"async\" src=\"https:\/\/www.formatsoftware.de\/wp-content\/uploads\/2026\/01\/newsletter-rabatt-zollwaerts.jpg\" class=\"image__file\" alt=\"\" \/>                                    <\/div>\r\n                                <\/div>\r\n                                                    <\/div>\r\n                        <div class=\"grid__item col-12 col-sm-6 teaser-section__content\">\r\n                            <div class=\"teaser-section__text-wrapper\">\r\n                                <h2 class=\"teaser-section__header h2 h2--bold\">Bleiben Sie informiert: Der inFORMATiv-Newsletter<\/h2>\r\n                                <div class=\"teaser-section__text\">Abonnieren Sie unseren Newsletter und erhalten Sie regelm\u00e4\u00dfig aktuelle Informationen zu unseren Softwarel\u00f6sungen, Branchennews und Tipps f\u00fcr Ihre Au\u00dfenhandelsprozesse. <b>JETZT EXKLUSIV: Erhalten Sie einen 10 % Willkommensrabatt auf Ihr Ticket f\u00fcr Zollw\u00e4rts 2026!<\/b><\/div>\r\n                                <a href=\"https:\/\/www.formatsoftware.de\/de\/newsletter\/\" title=\"Jetzt anmelden\" target=\"_self\">\r\n                                    <button class=\"button  button--invert button--icon-right\">\r\n                                        Jetzt anmelden<i class=\"material-icons\">arrow_forward<\/i>\r\n                                    <\/button>\r\n                                <\/a>\r\n                            <\/div>\r\n                        <\/div>\r\n                    <\/div>\r\n                <\/div>\r\n            <\/section>  \r\n\t\t<\/div>[\/vc_column][\/vc_row]<\/p>\n<\/div>","protected":false},"excerpt":{"rendered":"Customs Customs clearance from import to export Optimise your cross-border goods movements by relying on robust customs management and efficient handling of customs procedures. Foreign trade is a key driver of economic growth \u2013 yet cross-border movement of goods, despite globalisation, entails numerous administrative and financial challenges. Effective customs management is therefore essential to optimise [...]","protected":false},"author":5,"featured_media":0,"parent":0,"menu_order":0,"comment_status":"closed","ping_status":"closed","template":"","meta":{"_acf_changed":false,"footnotes":""},"class_list":["post-4971","page","type-page","status-publish","hentry"],"acf":[],"yoast_head":"<!-- This site is optimized with the Yoast SEO Premium plugin v26.5 (Yoast SEO v27.5) - https:\/\/yoast.com\/product\/yoast-seo-premium-wordpress\/ -->\n<title>Customs - FORMAT Software Service GmbH<\/title>\n<meta name=\"description\" content=\"Manage customs digitally, efficiently and compliantly \u2014 direct authority connectivity, modular ERP\/WMS integration and automatic data transfer.\" \/>\n<meta name=\"robots\" content=\"index, follow, max-snippet:-1, max-image-preview:large, max-video-preview:-1\" \/>\n<link rel=\"canonical\" href=\"https:\/\/www.formatsoftware.de\/en\/customs\/\" \/>\n<meta property=\"og:locale\" content=\"en_US\" \/>\n<meta property=\"og:type\" content=\"article\" \/>\n<meta property=\"og:title\" content=\"Customs\" \/>\n<meta property=\"og:description\" content=\"Manage customs digitally, efficiently and compliantly \u2014 direct authority connectivity, modular ERP\/WMS integration and automatic data transfer.\" \/>\n<meta property=\"og:url\" content=\"https:\/\/www.formatsoftware.de\/en\/customs\/\" \/>\n<meta property=\"og:site_name\" content=\"FORMAT Software Service GmbH\" \/>\n<meta property=\"article:modified_time\" content=\"2025-11-14T08:01:03+00:00\" \/>\n<meta name=\"twitter:card\" content=\"summary_large_image\" \/>\n<meta name=\"twitter:label1\" content=\"Est. reading time\" \/>\n\t<meta name=\"twitter:data1\" content=\"3 minutes\" \/>\n<script type=\"application\/ld+json\" class=\"yoast-schema-graph\">{\"@context\":\"https:\\\/\\\/schema.org\",\"@graph\":[{\"@type\":\"WebPage\",\"@id\":\"https:\\\/\\\/www.formatsoftware.de\\\/en\\\/customs\\\/\",\"url\":\"https:\\\/\\\/www.formatsoftware.de\\\/en\\\/customs\\\/\",\"name\":\"Customs - FORMAT Software Service GmbH\",\"isPartOf\":{\"@id\":\"https:\\\/\\\/www.formatsoftware.de\\\/en\\\/#website\"},\"datePublished\":\"2025-05-22T09:00:18+00:00\",\"dateModified\":\"2025-11-14T08:01:03+00:00\",\"description\":\"Manage customs digitally, efficiently and compliantly \u2014 direct authority connectivity, modular ERP\\\/WMS integration and automatic data transfer.\",\"breadcrumb\":{\"@id\":\"https:\\\/\\\/www.formatsoftware.de\\\/en\\\/customs\\\/#breadcrumb\"},\"inLanguage\":\"en-US\",\"potentialAction\":[{\"@type\":\"ReadAction\",\"target\":[\"https:\\\/\\\/www.formatsoftware.de\\\/en\\\/customs\\\/\"]}]},{\"@type\":\"BreadcrumbList\",\"@id\":\"https:\\\/\\\/www.formatsoftware.de\\\/en\\\/customs\\\/#breadcrumb\",\"itemListElement\":[{\"@type\":\"ListItem\",\"position\":1,\"name\":\"Home\",\"item\":\"https:\\\/\\\/www.formatsoftware.de\\\/en\\\/\"},{\"@type\":\"ListItem\",\"position\":2,\"name\":\"Customs\"}]},{\"@type\":\"WebSite\",\"@id\":\"https:\\\/\\\/www.formatsoftware.de\\\/en\\\/#website\",\"url\":\"https:\\\/\\\/www.formatsoftware.de\\\/en\\\/\",\"name\":\"FORMAT Software Service GmbH\",\"description\":\"\",\"publisher\":{\"@id\":\"https:\\\/\\\/www.formatsoftware.de\\\/en\\\/#organization\"},\"potentialAction\":[{\"@type\":\"SearchAction\",\"target\":{\"@type\":\"EntryPoint\",\"urlTemplate\":\"https:\\\/\\\/www.formatsoftware.de\\\/en\\\/?s={search_term_string}\"},\"query-input\":{\"@type\":\"PropertyValueSpecification\",\"valueRequired\":true,\"valueName\":\"search_term_string\"}}],\"inLanguage\":\"en-US\"},{\"@type\":\"Organization\",\"@id\":\"https:\\\/\\\/www.formatsoftware.de\\\/en\\\/#organization\",\"name\":\"FORMAT Software Service GmbH\",\"url\":\"https:\\\/\\\/www.formatsoftware.de\\\/en\\\/\",\"logo\":{\"@type\":\"ImageObject\",\"inLanguage\":\"en-US\",\"@id\":\"https:\\\/\\\/www.formatsoftware.de\\\/en\\\/#\\\/schema\\\/logo\\\/image\\\/\",\"url\":\"https:\\\/\\\/www.formatsoftware.de\\\/wp-content\\\/uploads\\\/2025\\\/07\\\/formal-logo.svg\",\"contentUrl\":\"https:\\\/\\\/www.formatsoftware.de\\\/wp-content\\\/uploads\\\/2025\\\/07\\\/formal-logo.svg\",\"caption\":\"FORMAT Software Service GmbH\"},\"image\":{\"@id\":\"https:\\\/\\\/www.formatsoftware.de\\\/en\\\/#\\\/schema\\\/logo\\\/image\\\/\"},\"sameAs\":[\"https:\\\/\\\/www.linkedin.com\\\/company\\\/format-software-service-gmbh?originalSubdomain=de\",\"https:\\\/\\\/www.xing.com\\\/pages\\\/formatsoftwareservicegmbh\",\"https:\\\/\\\/www.youtube.com\\\/@FORMATSoftwareServiceGmbH\"]}]}<\/script>\n<!-- \/ Yoast SEO Premium plugin. -->","yoast_head_json":{"title":"Customs - FORMAT Software Service GmbH","description":"Manage customs digitally, efficiently and compliantly \u2014 direct authority connectivity, modular ERP\/WMS integration and automatic data transfer.","robots":{"index":"index","follow":"follow","max-snippet":"max-snippet:-1","max-image-preview":"max-image-preview:large","max-video-preview":"max-video-preview:-1"},"canonical":"https:\/\/www.formatsoftware.de\/en\/customs\/","og_locale":"en_US","og_type":"article","og_title":"Customs","og_description":"Manage customs digitally, efficiently and compliantly \u2014 direct authority connectivity, modular ERP\/WMS integration and automatic data transfer.","og_url":"https:\/\/www.formatsoftware.de\/en\/customs\/","og_site_name":"FORMAT Software Service GmbH","article_modified_time":"2025-11-14T08:01:03+00:00","twitter_card":"summary_large_image","twitter_misc":{"Est. reading time":"3 minutes"},"schema":{"@context":"https:\/\/schema.org","@graph":[{"@type":"WebPage","@id":"https:\/\/www.formatsoftware.de\/en\/customs\/","url":"https:\/\/www.formatsoftware.de\/en\/customs\/","name":"Customs - FORMAT Software Service GmbH","isPartOf":{"@id":"https:\/\/www.formatsoftware.de\/en\/#website"},"datePublished":"2025-05-22T09:00:18+00:00","dateModified":"2025-11-14T08:01:03+00:00","description":"Manage customs digitally, efficiently and compliantly \u2014 direct authority connectivity, modular ERP\/WMS integration and automatic data transfer.","breadcrumb":{"@id":"https:\/\/www.formatsoftware.de\/en\/customs\/#breadcrumb"},"inLanguage":"en-US","potentialAction":[{"@type":"ReadAction","target":["https:\/\/www.formatsoftware.de\/en\/customs\/"]}]},{"@type":"BreadcrumbList","@id":"https:\/\/www.formatsoftware.de\/en\/customs\/#breadcrumb","itemListElement":[{"@type":"ListItem","position":1,"name":"Home","item":"https:\/\/www.formatsoftware.de\/en\/"},{"@type":"ListItem","position":2,"name":"Customs"}]},{"@type":"WebSite","@id":"https:\/\/www.formatsoftware.de\/en\/#website","url":"https:\/\/www.formatsoftware.de\/en\/","name":"FORMAT Software Service GmbH","description":"","publisher":{"@id":"https:\/\/www.formatsoftware.de\/en\/#organization"},"potentialAction":[{"@type":"SearchAction","target":{"@type":"EntryPoint","urlTemplate":"https:\/\/www.formatsoftware.de\/en\/?s={search_term_string}"},"query-input":{"@type":"PropertyValueSpecification","valueRequired":true,"valueName":"search_term_string"}}],"inLanguage":"en-US"},{"@type":"Organization","@id":"https:\/\/www.formatsoftware.de\/en\/#organization","name":"FORMAT Software Service GmbH","url":"https:\/\/www.formatsoftware.de\/en\/","logo":{"@type":"ImageObject","inLanguage":"en-US","@id":"https:\/\/www.formatsoftware.de\/en\/#\/schema\/logo\/image\/","url":"https:\/\/www.formatsoftware.de\/wp-content\/uploads\/2025\/07\/formal-logo.svg","contentUrl":"https:\/\/www.formatsoftware.de\/wp-content\/uploads\/2025\/07\/formal-logo.svg","caption":"FORMAT Software Service GmbH"},"image":{"@id":"https:\/\/www.formatsoftware.de\/en\/#\/schema\/logo\/image\/"},"sameAs":["https:\/\/www.linkedin.com\/company\/format-software-service-gmbh?originalSubdomain=de","https:\/\/www.xing.com\/pages\/formatsoftwareservicegmbh","https:\/\/www.youtube.com\/@FORMATSoftwareServiceGmbH"]}]}},"_links":{"self":[{"href":"https:\/\/www.formatsoftware.de\/en\/wp-json\/wp\/v2\/pages\/4971","targetHints":{"allow":["GET"]}}],"collection":[{"href":"https:\/\/www.formatsoftware.de\/en\/wp-json\/wp\/v2\/pages"}],"about":[{"href":"https:\/\/www.formatsoftware.de\/en\/wp-json\/wp\/v2\/types\/page"}],"author":[{"embeddable":true,"href":"https:\/\/www.formatsoftware.de\/en\/wp-json\/wp\/v2\/users\/5"}],"replies":[{"embeddable":true,"href":"https:\/\/www.formatsoftware.de\/en\/wp-json\/wp\/v2\/comments?post=4971"}],"version-history":[{"count":5,"href":"https:\/\/www.formatsoftware.de\/en\/wp-json\/wp\/v2\/pages\/4971\/revisions"}],"predecessor-version":[{"id":5301,"href":"https:\/\/www.formatsoftware.de\/en\/wp-json\/wp\/v2\/pages\/4971\/revisions\/5301"}],"wp:attachment":[{"href":"https:\/\/www.formatsoftware.de\/en\/wp-json\/wp\/v2\/media?parent=4971"}],"curies":[{"name":"wp","href":"https:\/\/api.w.org\/{rel}","templated":true}]}}