{"id":3442,"date":"2025-09-01T15:53:32","date_gmt":"2025-09-01T13:53:32","guid":{"rendered":"https:\/\/staging.formatsoftware.de\/?page_id=3442"},"modified":"2025-10-16T15:54:52","modified_gmt":"2025-10-16T13:54:52","slug":"termin-vereinbaren","status":"publish","type":"page","link":"https:\/\/www.formatsoftware.de\/de\/termin-vereinbaren\/","title":{"rendered":"Termin vereinbaren"},"content":{"rendered":"<div class=\"wpb-content-wrapper\"><section class=\"hero hero--noimage  light\" \n                style=\"background-color: #0069b4; \">\n         <div class=\"container-fluid hero__container\">\n            <div class=\"grid__row hero__row\">\n                <div class=\"grid__item col-12 col-md-6\">\n                                    <\/div>\n                <div class=\"grid__item col-12 col-md-6\">\n                    <div class=\"hero__content\">\n                        <h1 class=\"hero__header title title--bold\">\n                            Jetzt Termin vereinbaren                                                    <\/h1>\n                        \n                        <div class=\"hero__text\"><p>Unser Vertriebsteam ist gern f\u00fcr Sie da! Gemeinsam finden wir die beste L\u00f6sung f\u00fcr Ihre Anforderungen.<\/p>\n<\/div>                           \n                    <\/div>\n                <\/div>\n            <\/div>\n         <\/div>\n        <\/section>    \n\t\t[vc_row css=&#8220;.vc_custom_1760622890409{background-color: #f4f4f4 !important;}&#8220;][vc_column][vc_column_text][\/vc_column_text][\/vc_column][\/vc_row][vc_row][vc_column][vc_column_text]<iframe loading=\"lazy\" style=\"border: 0;\" src=\"https:\/\/outlook.office.com\/book\/GesprchsterminemitFORMAT@formatsoftware.de\/\" width=\"100%\" height=\"2000\" scrolling=\"yes\"><\/iframe>[\/vc_column_text][\/vc_column][\/vc_row]<\/p>\n<\/div>","protected":false},"excerpt":{"rendered":"<p>[vc_row css=&#8220;.vc_custom_1760622890409{background-color: #f4f4f4 !important;}&#8220;][vc_column][vc_column_text][\/vc_column_text][\/vc_column][\/vc_row][vc_row][vc_column][vc_column_text][\/vc_column_text][\/vc_column][\/vc_row]<\/p>\n","protected":false},"author":8,"featured_media":0,"parent":0,"menu_order":0,"comment_status":"closed","ping_status":"closed","template":"","meta":{"_acf_changed":false,"footnotes":""},"class_list":["post-3442","page","type-page","status-publish","hentry"],"acf":[],"yoast_head":"<!-- This site is optimized with the Yoast SEO Premium plugin v26.5 (Yoast SEO v27.5) - https:\/\/yoast.com\/product\/yoast-seo-premium-wordpress\/ -->\n<title>Termin vereinbaren - FORMAT Software Service GmbH<\/title>\n<meta name=\"description\" content=\"Buchen Sie ein unverbindliches Erstgespr\u00e4ch: W\u00e4hlen Sie einen Termin und sprechen Sie mit unseren Vertriebsexperten \u2013 schnell und einfach.\" \/>\n<meta name=\"robots\" content=\"index, follow, max-snippet:-1, max-image-preview:large, max-video-preview:-1\" \/>\n<link rel=\"canonical\" href=\"https:\/\/www.formatsoftware.de\/de\/termin-vereinbaren\/\" \/>\n<meta property=\"og:locale\" content=\"de_DE\" \/>\n<meta property=\"og:type\" content=\"article\" \/>\n<meta property=\"og:title\" content=\"Termin vereinbaren\" \/>\n<meta property=\"og:description\" content=\"Buchen Sie ein unverbindliches Erstgespr\u00e4ch: W\u00e4hlen Sie einen Termin und sprechen Sie mit unseren Vertriebsexperten \u2013 schnell und einfach.\" \/>\n<meta property=\"og:url\" content=\"https:\/\/www.formatsoftware.de\/de\/termin-vereinbaren\/\" \/>\n<meta property=\"og:site_name\" content=\"FORMAT Software Service GmbH\" \/>\n<meta property=\"article:modified_time\" content=\"2025-10-16T13:54:52+00:00\" \/>\n<meta name=\"twitter:card\" content=\"summary_large_image\" \/>\n<meta name=\"twitter:label1\" content=\"Gesch\u00e4tzte Lesezeit\" \/>\n\t<meta name=\"twitter:data1\" content=\"1\u00a0Minute\" \/>\n<script type=\"application\/ld+json\" class=\"yoast-schema-graph\">{\"@context\":\"https:\\\/\\\/schema.org\",\"@graph\":[{\"@type\":\"WebPage\",\"@id\":\"https:\\\/\\\/www.formatsoftware.de\\\/de\\\/termin-vereinbaren\\\/\",\"url\":\"https:\\\/\\\/www.formatsoftware.de\\\/de\\\/termin-vereinbaren\\\/\",\"name\":\"Termin vereinbaren - FORMAT Software Service GmbH\",\"isPartOf\":{\"@id\":\"https:\\\/\\\/www.formatsoftware.de\\\/de\\\/#website\"},\"datePublished\":\"2025-09-01T13:53:32+00:00\",\"dateModified\":\"2025-10-16T13:54:52+00:00\",\"description\":\"Buchen Sie ein unverbindliches Erstgespr\u00e4ch: W\u00e4hlen Sie einen Termin und sprechen Sie mit unseren Vertriebsexperten \u2013 schnell und einfach.\",\"breadcrumb\":{\"@id\":\"https:\\\/\\\/www.formatsoftware.de\\\/de\\\/termin-vereinbaren\\\/#breadcrumb\"},\"inLanguage\":\"de\",\"potentialAction\":[{\"@type\":\"ReadAction\",\"target\":[\"https:\\\/\\\/www.formatsoftware.de\\\/de\\\/termin-vereinbaren\\\/\"]}]},{\"@type\":\"BreadcrumbList\",\"@id\":\"https:\\\/\\\/www.formatsoftware.de\\\/de\\\/termin-vereinbaren\\\/#breadcrumb\",\"itemListElement\":[{\"@type\":\"ListItem\",\"position\":1,\"name\":\"Home\",\"item\":\"https:\\\/\\\/www.formatsoftware.de\\\/de\\\/\"},{\"@type\":\"ListItem\",\"position\":2,\"name\":\"Termin vereinbaren\"}]},{\"@type\":\"WebSite\",\"@id\":\"https:\\\/\\\/www.formatsoftware.de\\\/de\\\/#website\",\"url\":\"https:\\\/\\\/www.formatsoftware.de\\\/de\\\/\",\"name\":\"FORMAT Software Service GmbH\",\"description\":\"\",\"publisher\":{\"@id\":\"https:\\\/\\\/www.formatsoftware.de\\\/de\\\/#organization\"},\"potentialAction\":[{\"@type\":\"SearchAction\",\"target\":{\"@type\":\"EntryPoint\",\"urlTemplate\":\"https:\\\/\\\/www.formatsoftware.de\\\/de\\\/?s={search_term_string}\"},\"query-input\":{\"@type\":\"PropertyValueSpecification\",\"valueRequired\":true,\"valueName\":\"search_term_string\"}}],\"inLanguage\":\"de\"},{\"@type\":\"Organization\",\"@id\":\"https:\\\/\\\/www.formatsoftware.de\\\/de\\\/#organization\",\"name\":\"FORMAT Software Service GmbH\",\"url\":\"https:\\\/\\\/www.formatsoftware.de\\\/de\\\/\",\"logo\":{\"@type\":\"ImageObject\",\"inLanguage\":\"de\",\"@id\":\"https:\\\/\\\/www.formatsoftware.de\\\/de\\\/#\\\/schema\\\/logo\\\/image\\\/\",\"url\":\"https:\\\/\\\/www.formatsoftware.de\\\/wp-content\\\/uploads\\\/2025\\\/07\\\/formal-logo.svg\",\"contentUrl\":\"https:\\\/\\\/www.formatsoftware.de\\\/wp-content\\\/uploads\\\/2025\\\/07\\\/formal-logo.svg\",\"caption\":\"FORMAT Software Service GmbH\"},\"image\":{\"@id\":\"https:\\\/\\\/www.formatsoftware.de\\\/de\\\/#\\\/schema\\\/logo\\\/image\\\/\"},\"sameAs\":[\"https:\\\/\\\/www.linkedin.com\\\/company\\\/format-software-service-gmbh?originalSubdomain=de\",\"https:\\\/\\\/www.xing.com\\\/pages\\\/formatsoftwareservicegmbh\",\"https:\\\/\\\/www.youtube.com\\\/@FORMATSoftwareServiceGmbH\"]}]}<\/script>\n<!-- \/ Yoast SEO Premium plugin. -->","yoast_head_json":{"title":"Termin vereinbaren - FORMAT Software Service GmbH","description":"Buchen Sie ein unverbindliches Erstgespr\u00e4ch: W\u00e4hlen Sie einen Termin und sprechen Sie mit unseren Vertriebsexperten \u2013 schnell und einfach.","robots":{"index":"index","follow":"follow","max-snippet":"max-snippet:-1","max-image-preview":"max-image-preview:large","max-video-preview":"max-video-preview:-1"},"canonical":"https:\/\/www.formatsoftware.de\/de\/termin-vereinbaren\/","og_locale":"de_DE","og_type":"article","og_title":"Termin vereinbaren","og_description":"Buchen Sie ein unverbindliches Erstgespr\u00e4ch: W\u00e4hlen Sie einen Termin und sprechen Sie mit unseren Vertriebsexperten \u2013 schnell und einfach.","og_url":"https:\/\/www.formatsoftware.de\/de\/termin-vereinbaren\/","og_site_name":"FORMAT Software Service GmbH","article_modified_time":"2025-10-16T13:54:52+00:00","twitter_card":"summary_large_image","twitter_misc":{"Gesch\u00e4tzte Lesezeit":"1\u00a0Minute"},"schema":{"@context":"https:\/\/schema.org","@graph":[{"@type":"WebPage","@id":"https:\/\/www.formatsoftware.de\/de\/termin-vereinbaren\/","url":"https:\/\/www.formatsoftware.de\/de\/termin-vereinbaren\/","name":"Termin vereinbaren - FORMAT Software Service GmbH","isPartOf":{"@id":"https:\/\/www.formatsoftware.de\/de\/#website"},"datePublished":"2025-09-01T13:53:32+00:00","dateModified":"2025-10-16T13:54:52+00:00","description":"Buchen Sie ein unverbindliches Erstgespr\u00e4ch: W\u00e4hlen Sie einen Termin und sprechen Sie mit unseren Vertriebsexperten \u2013 schnell und einfach.","breadcrumb":{"@id":"https:\/\/www.formatsoftware.de\/de\/termin-vereinbaren\/#breadcrumb"},"inLanguage":"de","potentialAction":[{"@type":"ReadAction","target":["https:\/\/www.formatsoftware.de\/de\/termin-vereinbaren\/"]}]},{"@type":"BreadcrumbList","@id":"https:\/\/www.formatsoftware.de\/de\/termin-vereinbaren\/#breadcrumb","itemListElement":[{"@type":"ListItem","position":1,"name":"Home","item":"https:\/\/www.formatsoftware.de\/de\/"},{"@type":"ListItem","position":2,"name":"Termin vereinbaren"}]},{"@type":"WebSite","@id":"https:\/\/www.formatsoftware.de\/de\/#website","url":"https:\/\/www.formatsoftware.de\/de\/","name":"FORMAT Software Service GmbH","description":"","publisher":{"@id":"https:\/\/www.formatsoftware.de\/de\/#organization"},"potentialAction":[{"@type":"SearchAction","target":{"@type":"EntryPoint","urlTemplate":"https:\/\/www.formatsoftware.de\/de\/?s={search_term_string}"},"query-input":{"@type":"PropertyValueSpecification","valueRequired":true,"valueName":"search_term_string"}}],"inLanguage":"de"},{"@type":"Organization","@id":"https:\/\/www.formatsoftware.de\/de\/#organization","name":"FORMAT Software Service GmbH","url":"https:\/\/www.formatsoftware.de\/de\/","logo":{"@type":"ImageObject","inLanguage":"de","@id":"https:\/\/www.formatsoftware.de\/de\/#\/schema\/logo\/image\/","url":"https:\/\/www.formatsoftware.de\/wp-content\/uploads\/2025\/07\/formal-logo.svg","contentUrl":"https:\/\/www.formatsoftware.de\/wp-content\/uploads\/2025\/07\/formal-logo.svg","caption":"FORMAT Software Service GmbH"},"image":{"@id":"https:\/\/www.formatsoftware.de\/de\/#\/schema\/logo\/image\/"},"sameAs":["https:\/\/www.linkedin.com\/company\/format-software-service-gmbh?originalSubdomain=de","https:\/\/www.xing.com\/pages\/formatsoftwareservicegmbh","https:\/\/www.youtube.com\/@FORMATSoftwareServiceGmbH"]}]}},"_links":{"self":[{"href":"https:\/\/www.formatsoftware.de\/de\/wp-json\/wp\/v2\/pages\/3442","targetHints":{"allow":["GET"]}}],"collection":[{"href":"https:\/\/www.formatsoftware.de\/de\/wp-json\/wp\/v2\/pages"}],"about":[{"href":"https:\/\/www.formatsoftware.de\/de\/wp-json\/wp\/v2\/types\/page"}],"author":[{"embeddable":true,"href":"https:\/\/www.formatsoftware.de\/de\/wp-json\/wp\/v2\/users\/8"}],"replies":[{"embeddable":true,"href":"https:\/\/www.formatsoftware.de\/de\/wp-json\/wp\/v2\/comments?post=3442"}],"version-history":[{"count":23,"href":"https:\/\/www.formatsoftware.de\/de\/wp-json\/wp\/v2\/pages\/3442\/revisions"}],"predecessor-version":[{"id":4815,"href":"https:\/\/www.formatsoftware.de\/de\/wp-json\/wp\/v2\/pages\/3442\/revisions\/4815"}],"wp:attachment":[{"href":"https:\/\/www.formatsoftware.de\/de\/wp-json\/wp\/v2\/media?parent=3442"}],"curies":[{"name":"wp","href":"https:\/\/api.w.org\/{rel}","templated":true}]}}