{"id":1477,"date":"2025-05-22T11:38:04","date_gmt":"2025-05-22T09:38:04","guid":{"rendered":"https:\/\/format.testing-reizwerk.com\/?page_id=1477"},"modified":"2025-09-26T16:30:40","modified_gmt":"2025-09-26T14:30:40","slug":"stellenangebote","status":"publish","type":"page","link":"https:\/\/www.formatsoftware.de\/de\/stellenangebote\/","title":{"rendered":"Stellenangebote"},"content":{"rendered":"<div class=\"wpb-content-wrapper\"><section class=\"hero hero--image-outside space--large light\" \n                style=\"background-color: #1e73be; \">\n         <div class=\"container-fluid hero__container\">\n            <div class=\"grid__row hero__row\">\n                <div class=\"grid__item col-12 col-md-6\">\n                                        <div class=\"hero__image image image--4-3\"><img decoding=\"async\" class=\"image__file\" src=\"https:\/\/www.formatsoftware.de\/wp-content\/uploads\/2025\/08\/Meeting-Platz-frei.jpg\" alt=\"Meeting in einem hellen B\u00fcroraum, ein Platz im Vordergrund ist noch frei, der symbolische freie Platz f\u00fcr neue Bewerber\" title=\"Meeting-Platz-frei\" \/><\/div>                                    <\/div>\n                <div class=\"grid__item col-12 col-md-6\">\n                    <div class=\"hero__content\">\n                        <h1 class=\"hero__header title title--bold\">\n                            Stellenangebote                                                        <span>Wir suchen dich!<\/span>\n                                                    <\/h1>\n                        \n                                                   \n                    <\/div>\n                <\/div>\n            <\/div>\n         <\/div>\n        <\/section>    \n\t\t[vc_section element_spacing=&#8220;space&#8211;large&#8220;][vc_row][vc_column width=&#8220;1\/2&#8243;][vc_column_text]Wir bei FORMAT sind auf einem spannenden Wachstumskurs und suchen nach motivierten und teamorientierten Talenten, die mit uns gemeinsam wachsen m\u00f6chten.<\/p>\n<p>Bist du auf der Suche nach einer neuen Herausforderung, die dich sowohl pers\u00f6nlich als auch fachlich weiterbringt? Bei uns findest du eine Arbeitsumgebung, die Kreativit\u00e4t, Teamgeist und Innovation in den Vordergrund stellt.<\/p>\n<p>Wir laden dich herzlich ein, einen Blick auf unsere aktuellen Stellenausschreibungen zu werfen. Wenn du das Gef\u00fchl hast, dass du gut zu uns passen w\u00fcrdest, z\u00f6gere nicht \u2013 bewirb dich bei uns! Gemeinsam k\u00f6nnen wir neue Wege gehen und Erfolge feiern.[\/vc_column_text][\/vc_column][vc_column width=&#8220;1\/4&#8243;][vc_single_image image=&#8220;2343&#8243; img_size=&#8220;200&#215;133&#8243; alignment=&#8220;center&#8220; onclick=&#8220;custom_link&#8220; img_link_target=&#8220;_blank&#8220; link=&#8220;https:\/\/www.kununu.com\/de\/format-software-service1&#8243;][\/vc_column][vc_column width=&#8220;1\/4&#8243;][vc_single_image image=&#8220;2341&#8243; img_size=&#8220;200&#215;133&#8243; alignment=&#8220;center&#8220; onclick=&#8220;custom_link&#8220; img_link_target=&#8220;_blank&#8220; link=&#8220;https:\/\/www.kununu.com\/de\/format-software-service1&#8243;][\/vc_column][\/vc_row][\/vc_section][vc_section element_spacing=&#8220;space&#8211;small&#8220;][vc_row][vc_column]        <div class=\"section-header\">\r\n            <hr class=\"divider divider--blue\">\r\n                            <div class=\"section-header__content\">\r\n                    <p class=\"paragraph paragraph--bold section-header__text\">Aktuelle Ausschreibungen<\/p>\r\n                                    <\/div>\r\n                    <\/div> \r\n\t\t[\/vc_column][\/vc_row][vc_row][vc_column][vc_column_text]<\/p>\n<div id=\"psJobWidget\"><\/div>\n<p><script src=\"https:\/\/formatsoftware.onlyfy.jobs\/widget\/iframe.js\"><\/script><br \/>\n[\/vc_column_text][\/vc_column][\/vc_row][\/vc_section]<\/p>\n<\/div>","protected":false},"excerpt":{"rendered":"<p>[vc_section element_spacing=&#8220;space&#8211;large&#8220;][vc_row][vc_column width=&#8220;1\/2&#8243;][vc_column_text]Wir bei FORMAT sind auf einem spannenden Wachstumskurs und suchen nach motivierten und teamorientierten Talenten, die mit uns gemeinsam wachsen m\u00f6chten. Bist du auf der Suche nach einer neuen Herausforderung, die dich sowohl pers\u00f6nlich als auch fachlich weiterbringt? Bei uns findest du eine Arbeitsumgebung, die Kreativit\u00e4t, Teamgeist und Innovation in den Vordergrund stellt. [&hellip;]<\/p>\n","protected":false},"author":5,"featured_media":0,"parent":0,"menu_order":0,"comment_status":"closed","ping_status":"closed","template":"","meta":{"_acf_changed":false,"footnotes":""},"class_list":["post-1477","page","type-page","status-publish","hentry"],"acf":[],"yoast_head":"<!-- This site is optimized with the Yoast SEO Premium plugin v26.5 (Yoast SEO v27.5) - https:\/\/yoast.com\/product\/yoast-seo-premium-wordpress\/ -->\n<title>Stellenangebote - FORMAT Software Service GmbH<\/title>\n<meta name=\"description\" content=\"Entdecke unsere aktuellen Stellenausschreibungen und werden Teil unseres Teams. Jetzt bewerben und gemeinsam durchstarten!\" \/>\n<meta name=\"robots\" content=\"index, follow, max-snippet:-1, max-image-preview:large, max-video-preview:-1\" \/>\n<link rel=\"canonical\" href=\"https:\/\/www.formatsoftware.de\/de\/stellenangebote\/\" \/>\n<meta property=\"og:locale\" content=\"de_DE\" \/>\n<meta property=\"og:type\" content=\"article\" \/>\n<meta property=\"og:title\" content=\"Stellenangebote\" \/>\n<meta property=\"og:description\" content=\"Entdecke unsere aktuellen Stellenausschreibungen und werden Teil unseres Teams. Jetzt bewerben und gemeinsam durchstarten!\" \/>\n<meta property=\"og:url\" content=\"https:\/\/www.formatsoftware.de\/de\/stellenangebote\/\" \/>\n<meta property=\"og:site_name\" content=\"FORMAT Software Service GmbH\" \/>\n<meta property=\"article:modified_time\" content=\"2025-09-26T14:30:40+00:00\" \/>\n<meta name=\"twitter:card\" content=\"summary_large_image\" \/>\n<meta name=\"twitter:label1\" content=\"Gesch\u00e4tzte Lesezeit\" \/>\n\t<meta name=\"twitter:data1\" content=\"2\u00a0Minuten\" \/>\n<script type=\"application\/ld+json\" class=\"yoast-schema-graph\">{\"@context\":\"https:\\\/\\\/schema.org\",\"@graph\":[{\"@type\":\"WebPage\",\"@id\":\"https:\\\/\\\/www.formatsoftware.de\\\/de\\\/stellenangebote\\\/\",\"url\":\"https:\\\/\\\/www.formatsoftware.de\\\/de\\\/stellenangebote\\\/\",\"name\":\"Stellenangebote - FORMAT Software Service GmbH\",\"isPartOf\":{\"@id\":\"https:\\\/\\\/www.formatsoftware.de\\\/de\\\/#website\"},\"datePublished\":\"2025-05-22T09:38:04+00:00\",\"dateModified\":\"2025-09-26T14:30:40+00:00\",\"description\":\"Entdecke unsere aktuellen Stellenausschreibungen und werden Teil unseres Teams. Jetzt bewerben und gemeinsam durchstarten!\",\"breadcrumb\":{\"@id\":\"https:\\\/\\\/www.formatsoftware.de\\\/de\\\/stellenangebote\\\/#breadcrumb\"},\"inLanguage\":\"de\",\"potentialAction\":[{\"@type\":\"ReadAction\",\"target\":[\"https:\\\/\\\/www.formatsoftware.de\\\/de\\\/stellenangebote\\\/\"]}]},{\"@type\":\"BreadcrumbList\",\"@id\":\"https:\\\/\\\/www.formatsoftware.de\\\/de\\\/stellenangebote\\\/#breadcrumb\",\"itemListElement\":[{\"@type\":\"ListItem\",\"position\":1,\"name\":\"Home\",\"item\":\"https:\\\/\\\/www.formatsoftware.de\\\/de\\\/\"},{\"@type\":\"ListItem\",\"position\":2,\"name\":\"Stellenangebote\"}]},{\"@type\":\"WebSite\",\"@id\":\"https:\\\/\\\/www.formatsoftware.de\\\/de\\\/#website\",\"url\":\"https:\\\/\\\/www.formatsoftware.de\\\/de\\\/\",\"name\":\"FORMAT Software Service GmbH\",\"description\":\"\",\"publisher\":{\"@id\":\"https:\\\/\\\/www.formatsoftware.de\\\/de\\\/#organization\"},\"potentialAction\":[{\"@type\":\"SearchAction\",\"target\":{\"@type\":\"EntryPoint\",\"urlTemplate\":\"https:\\\/\\\/www.formatsoftware.de\\\/de\\\/?s={search_term_string}\"},\"query-input\":{\"@type\":\"PropertyValueSpecification\",\"valueRequired\":true,\"valueName\":\"search_term_string\"}}],\"inLanguage\":\"de\"},{\"@type\":\"Organization\",\"@id\":\"https:\\\/\\\/www.formatsoftware.de\\\/de\\\/#organization\",\"name\":\"FORMAT Software Service GmbH\",\"url\":\"https:\\\/\\\/www.formatsoftware.de\\\/de\\\/\",\"logo\":{\"@type\":\"ImageObject\",\"inLanguage\":\"de\",\"@id\":\"https:\\\/\\\/www.formatsoftware.de\\\/de\\\/#\\\/schema\\\/logo\\\/image\\\/\",\"url\":\"https:\\\/\\\/www.formatsoftware.de\\\/wp-content\\\/uploads\\\/2025\\\/07\\\/formal-logo.svg\",\"contentUrl\":\"https:\\\/\\\/www.formatsoftware.de\\\/wp-content\\\/uploads\\\/2025\\\/07\\\/formal-logo.svg\",\"caption\":\"FORMAT Software Service GmbH\"},\"image\":{\"@id\":\"https:\\\/\\\/www.formatsoftware.de\\\/de\\\/#\\\/schema\\\/logo\\\/image\\\/\"},\"sameAs\":[\"https:\\\/\\\/www.linkedin.com\\\/company\\\/format-software-service-gmbh?originalSubdomain=de\",\"https:\\\/\\\/www.xing.com\\\/pages\\\/formatsoftwareservicegmbh\",\"https:\\\/\\\/www.youtube.com\\\/@FORMATSoftwareServiceGmbH\"]}]}<\/script>\n<!-- \/ Yoast SEO Premium plugin. -->","yoast_head_json":{"title":"Stellenangebote - FORMAT Software Service GmbH","description":"Entdecke unsere aktuellen Stellenausschreibungen und werden Teil unseres Teams. Jetzt bewerben und gemeinsam durchstarten!","robots":{"index":"index","follow":"follow","max-snippet":"max-snippet:-1","max-image-preview":"max-image-preview:large","max-video-preview":"max-video-preview:-1"},"canonical":"https:\/\/www.formatsoftware.de\/de\/stellenangebote\/","og_locale":"de_DE","og_type":"article","og_title":"Stellenangebote","og_description":"Entdecke unsere aktuellen Stellenausschreibungen und werden Teil unseres Teams. Jetzt bewerben und gemeinsam durchstarten!","og_url":"https:\/\/www.formatsoftware.de\/de\/stellenangebote\/","og_site_name":"FORMAT Software Service GmbH","article_modified_time":"2025-09-26T14:30:40+00:00","twitter_card":"summary_large_image","twitter_misc":{"Gesch\u00e4tzte Lesezeit":"2\u00a0Minuten"},"schema":{"@context":"https:\/\/schema.org","@graph":[{"@type":"WebPage","@id":"https:\/\/www.formatsoftware.de\/de\/stellenangebote\/","url":"https:\/\/www.formatsoftware.de\/de\/stellenangebote\/","name":"Stellenangebote - FORMAT Software Service GmbH","isPartOf":{"@id":"https:\/\/www.formatsoftware.de\/de\/#website"},"datePublished":"2025-05-22T09:38:04+00:00","dateModified":"2025-09-26T14:30:40+00:00","description":"Entdecke unsere aktuellen Stellenausschreibungen und werden Teil unseres Teams. Jetzt bewerben und gemeinsam durchstarten!","breadcrumb":{"@id":"https:\/\/www.formatsoftware.de\/de\/stellenangebote\/#breadcrumb"},"inLanguage":"de","potentialAction":[{"@type":"ReadAction","target":["https:\/\/www.formatsoftware.de\/de\/stellenangebote\/"]}]},{"@type":"BreadcrumbList","@id":"https:\/\/www.formatsoftware.de\/de\/stellenangebote\/#breadcrumb","itemListElement":[{"@type":"ListItem","position":1,"name":"Home","item":"https:\/\/www.formatsoftware.de\/de\/"},{"@type":"ListItem","position":2,"name":"Stellenangebote"}]},{"@type":"WebSite","@id":"https:\/\/www.formatsoftware.de\/de\/#website","url":"https:\/\/www.formatsoftware.de\/de\/","name":"FORMAT Software Service GmbH","description":"","publisher":{"@id":"https:\/\/www.formatsoftware.de\/de\/#organization"},"potentialAction":[{"@type":"SearchAction","target":{"@type":"EntryPoint","urlTemplate":"https:\/\/www.formatsoftware.de\/de\/?s={search_term_string}"},"query-input":{"@type":"PropertyValueSpecification","valueRequired":true,"valueName":"search_term_string"}}],"inLanguage":"de"},{"@type":"Organization","@id":"https:\/\/www.formatsoftware.de\/de\/#organization","name":"FORMAT Software Service GmbH","url":"https:\/\/www.formatsoftware.de\/de\/","logo":{"@type":"ImageObject","inLanguage":"de","@id":"https:\/\/www.formatsoftware.de\/de\/#\/schema\/logo\/image\/","url":"https:\/\/www.formatsoftware.de\/wp-content\/uploads\/2025\/07\/formal-logo.svg","contentUrl":"https:\/\/www.formatsoftware.de\/wp-content\/uploads\/2025\/07\/formal-logo.svg","caption":"FORMAT Software Service GmbH"},"image":{"@id":"https:\/\/www.formatsoftware.de\/de\/#\/schema\/logo\/image\/"},"sameAs":["https:\/\/www.linkedin.com\/company\/format-software-service-gmbh?originalSubdomain=de","https:\/\/www.xing.com\/pages\/formatsoftwareservicegmbh","https:\/\/www.youtube.com\/@FORMATSoftwareServiceGmbH"]}]}},"_links":{"self":[{"href":"https:\/\/www.formatsoftware.de\/de\/wp-json\/wp\/v2\/pages\/1477","targetHints":{"allow":["GET"]}}],"collection":[{"href":"https:\/\/www.formatsoftware.de\/de\/wp-json\/wp\/v2\/pages"}],"about":[{"href":"https:\/\/www.formatsoftware.de\/de\/wp-json\/wp\/v2\/types\/page"}],"author":[{"embeddable":true,"href":"https:\/\/www.formatsoftware.de\/de\/wp-json\/wp\/v2\/users\/5"}],"replies":[{"embeddable":true,"href":"https:\/\/www.formatsoftware.de\/de\/wp-json\/wp\/v2\/comments?post=1477"}],"version-history":[{"count":51,"href":"https:\/\/www.formatsoftware.de\/de\/wp-json\/wp\/v2\/pages\/1477\/revisions"}],"predecessor-version":[{"id":4387,"href":"https:\/\/www.formatsoftware.de\/de\/wp-json\/wp\/v2\/pages\/1477\/revisions\/4387"}],"wp:attachment":[{"href":"https:\/\/www.formatsoftware.de\/de\/wp-json\/wp\/v2\/media?parent=1477"}],"curies":[{"name":"wp","href":"https:\/\/api.w.org\/{rel}","templated":true}]}}