{"id":1435,"date":"2025-05-22T10:52:30","date_gmt":"2025-05-22T08:52:30","guid":{"rendered":"https:\/\/format.testing-reizwerk.com\/?page_id=1435"},"modified":"2025-12-02T12:37:36","modified_gmt":"2025-12-02T11:37:36","slug":"kundenprojekte","status":"publish","type":"page","link":"https:\/\/www.formatsoftware.de\/de\/kundenprojekte\/","title":{"rendered":"Kundenprojekte"},"content":{"rendered":"<div class=\"wpb-content-wrapper\"><section class=\"hero hero--image-outside space--large light\" \n                style=\"background-color: #0069b4; \">\n         <div class=\"container-fluid hero__container\">\n            <div class=\"grid__row hero__row\">\n                <div class=\"grid__item col-12 col-md-6\">\n                                        <div class=\"hero__image image image--4-3\"><img decoding=\"async\" class=\"image__file\" src=\"https:\/\/www.formatsoftware.de\/wp-content\/uploads\/2025\/09\/Handschlag.jpg\" alt=\"Zwei H\u00e4nde schlagen einander ein, innerhalb der Silhouette ist eine Br\u00fccke zu sehen\" title=\"Handschlag\" \/><\/div>                                    <\/div>\n                <div class=\"grid__item col-12 col-md-6\">\n                    <div class=\"hero__content\">\n                        <h1 class=\"hero__header title title--bold\">\n                            Kundenprojekte                                                        <span>Unsere Referenzkunden stellen sich vor<\/span>\n                                                    <\/h1>\n                        \n                                                   \n                    <\/div>\n                <\/div>\n            <\/div>\n         <\/div>\n        <\/section>    \n\t\t[vc_section element_spacing=&#8220;space&#8211;medium&#8220;][vc_row][vc_column width=&#8220;1\/2&#8243;][vc_column_text]Wir arbeiten mit den verschiedensten Kunden zusammen. Eine Gemeinsamkeit haben sie nat\u00fcrlich: Sie alle vertrauen auf die Softwarel\u00f6sungen von FORMAT.<\/p>\n<p>Welche Entscheidungskriterien dabei eine gro\u00dfe Rolle spielten, was f\u00fcr Herausforderungen es zu bew\u00e4ltigen gab und wovon sie jetzt in ihrem Berufsalltag profitieren, erfahren Sie in unseren Referenzkundenberichten.[\/vc_column_text][\/vc_column][vc_column width=&#8220;1\/2&#8243;][\/vc_column][\/vc_row][\/vc_section][vc_section][vc_row][vc_column]        <div class=\"section-header\">\r\n            <hr class=\"divider divider--blue\">\r\n                            <div class=\"section-header__content\">\r\n                    <p class=\"paragraph paragraph--bold section-header__text\">Unsere Referenzkunden<\/p>\r\n                                    <\/div>\r\n                    <\/div> \r\n\t\t[\/vc_column][\/vc_row][\/vc_section][vc_section element_spacing=&#8220;space&#8211;large&#8220;][vc_row element_spacing=&#8220;space&#8211;large&#8220;][vc_column width=&#8220;1\/2&#8243;][vc_single_image image=&#8220;2563&#8243; img_size=&#8220;&#8220; alignment=&#8220;center&#8220; onclick=&#8220;custom_link&#8220; img_link_target=&#8220;_blank&#8220; css=&#8220;&#8220; link=&#8220;https:\/\/bettybarclay.com\/de\/&#8220;][vc_column_text]<\/p>\n<p style=\"text-align: center;\">BETTY BARCLAY GROUP<\/p>\n<p>[\/vc_column_text][vc_column_text]<\/p>\n<h3>Kostenersparnis durch passive Veredelung \u2013 der Schl\u00fcssel liegt im klaren \u00dcberblick<\/h3>\n<p>[\/vc_column_text][vc_column_text]Die BETTY BARCLAY GROUP setzt f\u00fcr ihre Zollverfahren auf die FORMAT-L\u00f6sungen[\/vc_column_text]        \n                    <a href=\"https:\/\/www.formatsoftware.de\/wp-content\/uploads\/2025\/09\/Referenzbericht_BETTY-BARCLAY-GROUP.pdf\"\n            title=\"Referenzbericht lesen\"\n            target=\"_blank\">\n                <button class=\"button button--spacing button--invert \">\n                    Referenzbericht lesen                                    <\/button>\n            <\/a>\n        \n        \n\t\t[\/vc_column][vc_column width=&#8220;1\/2&#8243;][vc_single_image image=&#8220;2567&#8243; img_size=&#8220;&#8220; alignment=&#8220;center&#8220; onclick=&#8220;custom_link&#8220; img_link_target=&#8220;_blank&#8220; css=&#8220;&#8220; link=&#8220;https:\/\/bvs-electronics.com\/de\/&#8220;][vc_column_text]<\/p>\n<p style=\"text-align: center;\">BVS Electronics GmbH<\/p>\n<p>[\/vc_column_text][vc_column_text]<\/p>\n<h3>Ein paar Klicks gen\u00fcgen: Schnelle Ermittlung der Paketinhalte und qualifizierter Packprozess<\/h3>\n<p>[\/vc_column_text][vc_column_text]Effizienzsteigerung durch umfassende Auskunftsf\u00e4higkeit bei der BVS Electronics GmbH[\/vc_column_text]        \n                    <a href=\"https:\/\/www.formatsoftware.de\/wp-content\/uploads\/2025\/09\/Referenzbericht_BVS-Electronics-GmbH.pdf\"\n            title=\"Referenzbericht lesen\"\n            target=\"_blank\">\n                <button class=\"button button--spacing button--invert \">\n                    Referenzbericht lesen                                    <\/button>\n            <\/a>\n        \n        \n\t\t[\/vc_column][\/vc_row][vc_row element_spacing=&#8220;space&#8211;large&#8220;][vc_column width=&#8220;1\/2&#8243;][vc_single_image image=&#8220;4603&#8243; img_size=&#8220;medium&#8220; alignment=&#8220;center&#8220; onclick=&#8220;custom_link&#8220; img_link_target=&#8220;_blank&#8220; css=&#8220;&#8220; link=&#8220;https:\/\/alphaplan.de\/&#8220;][vc_column_text css=&#8220;&#8220;]<\/p>\n<p style=\"text-align: center;\">CVS Ingenieurgesellschaft mbH<\/p>\n<p>[\/vc_column_text][vc_column_text css=&#8220;&#8220;]<\/p>\n<h3>ERP-Partner wird zu Kunde: Sicherheit und Komfort bei der Sanktionslistenpr\u00fcfung<\/h3>\n<p>[\/vc_column_text][vc_column_text css=&#8220;&#8220;]Die CVS Ingenieurgesellschaft mbH\/ALPHAPLAN entscheidet sich f\u00fcr FORMAT-SAM und profitiert von Echtzeitkommunikation[\/vc_column_text]        \n                    <a href=\"https:\/\/www.formatsoftware.de\/wp-content\/uploads\/2025\/11\/Referenzbericht-CVS-Ingenieurgesellschaft-mbH-ALPHAPLAN.pdf\"\n            title=\"Referenzbericht lesen\"\n            target=\"_blank\">\n                <button class=\"button button--spacing button--invert \">\n                    Referenzbericht lesen                                    <\/button>\n            <\/a>\n        \n        \n\t\t[\/vc_column][vc_column width=&#8220;1\/2&#8243;][vc_single_image image=&#8220;2569&#8243; img_size=&#8220;medium&#8220; alignment=&#8220;center&#8220; onclick=&#8220;custom_link&#8220; img_link_target=&#8220;_blank&#8220; css=&#8220;&#8220; link=&#8220;https:\/\/www.duellberg-konzentra.de\/&#8220;][vc_column_text]<\/p>\n<p style=\"text-align: center;\">D\u00fcllberg Konzentra GmbH &amp; Co. KG<\/p>\n<p>[\/vc_column_text][vc_column_text]<\/p>\n<h3>Ausgezeichnetes Zollmanagement und sichere Gefahrgutabwicklung<\/h3>\n<p>[\/vc_column_text][vc_column_text]D\u00fcllberg Konzentra vertraut auf die L\u00f6sung FORMAT-IVEAS f\u00fcr die Bereiche Export und Import sowie auf den Sanktionsmonitor FORMAT-SAM[\/vc_column_text]        \n                    <a href=\"https:\/\/www.formatsoftware.de\/wp-content\/uploads\/2025\/09\/Referenzbericht_Duellberg-Konzentra-GmbH-Co.-KG.pdf\"\n            title=\"Referenzbericht lesen\"\n            target=\"_blank\">\n                <button class=\"button button--spacing button--invert \">\n                    Referenzbericht lesen                                    <\/button>\n            <\/a>\n        \n        \n\t\t[\/vc_column][\/vc_row][vc_row element_spacing=&#8220;space&#8211;large&#8220;][vc_column width=&#8220;1\/2&#8243;][vc_single_image image=&#8220;2571&#8243; img_size=&#8220;&#8220; alignment=&#8220;center&#8220; onclick=&#8220;custom_link&#8220; img_link_target=&#8220;_blank&#8220; css=&#8220;&#8220; link=&#8220;https:\/\/www.einhell.de\/&#8220;][vc_column_text]<\/p>\n<p style=\"text-align: center;\">Einhell Germany AG<\/p>\n<p>[\/vc_column_text][vc_column_text]<\/p>\n<h3>Mehr Kontrolle und Autonomie dank Inhouse-L\u00f6sung f\u00fcr die Im- und Exportabwicklung<\/h3>\n<p>[\/vc_column_text][vc_column_text]Alles aus einer Hand: Die Einhell Germany AG entscheidet sich f\u00fcr FORMAT-IVEAS inklusive FORMAT-EZT sowie f\u00fcr den Sanktionsmonitor FORMAT-SAM[\/vc_column_text]        \n                    <a href=\"https:\/\/www.formatsoftware.de\/wp-content\/uploads\/2025\/09\/Referenzbericht_Einhell-Germany-AG_EAG.pdf\"\n            title=\"Referenzbericht Einhell Germany AG\"\n            target=\"_blank\">\n                <button class=\"button button--spacing button--invert \">\n                    Referenzbericht Einhell Germany AG                                    <\/button>\n            <\/a>\n        \n        \n\t\t[\/vc_column][vc_column width=&#8220;1\/2&#8243;][vc_single_image image=&#8220;2573&#8243; img_size=&#8220;medium&#8220; alignment=&#8220;center&#8220; onclick=&#8220;custom_link&#8220; img_link_target=&#8220;_blank&#8220; css=&#8220;&#8220; link=&#8220;https:\/\/www.freilacke.de\/&#8220;][vc_column_text]<\/p>\n<p style=\"text-align: center;\">Emil Frei GmbH &amp; Co. KG<\/p>\n<p>[\/vc_column_text][vc_column_text]<\/p>\n<h3>Lieferperformance erh\u00f6hen durch mehr Transparenz der Supply Chain<\/h3>\n<p>[\/vc_column_text][vc_column_text]Nach FORMAT-IVEAS, -SAM, -TCT und -WUP jetzt auch FORMAT-SCM im Einsatz des Familienunternehmens FreiLacke[\/vc_column_text]        \n                    <a href=\"https:\/\/www.formatsoftware.de\/wp-content\/uploads\/2025\/09\/Referenzbericht_Emil-Frei-GmbH-Co.-KG.pdf\"\n            title=\"Referenzbericht lesen\"\n            target=\"_blank\">\n                <button class=\"button button--spacing button--invert \">\n                    Referenzbericht lesen                                    <\/button>\n            <\/a>\n        \n        \n\t\t[\/vc_column][\/vc_row][vc_row element_spacing=&#8220;space&#8211;large&#8220;][vc_column width=&#8220;1\/2&#8243;][vc_single_image image=&#8220;2557&#8243; img_size=&#8220;medium&#8220; alignment=&#8220;center&#8220; onclick=&#8220;custom_link&#8220; img_link_target=&#8220;_blank&#8220; css=&#8220;&#8220; el_class=&#8220;max-300&#8243; link=&#8220;https:\/\/www.geda.de\/&#8220;][vc_column_text]<\/p>\n<p style=\"text-align: center;\">GEDA GmbH<\/p>\n<p>[\/vc_column_text][vc_column_text]<\/p>\n<h3>Aus einer Hand: Zentrale Speditionsanbindung und zuverl\u00e4ssige Sanktionslistenpr\u00fcfung<\/h3>\n<p>[\/vc_column_text][vc_column_text]Baumaschinenunternehmen GEDA nutzt FORMAT-IVEAS und FORMAT-SAM[\/vc_column_text]        \n                    <a href=\"https:\/\/www.formatsoftware.de\/wp-content\/uploads\/2025\/09\/Referenzbericht_GEDA-GmbH.pdf\"\n            title=\"Referenzbericht lesen\"\n            target=\"_blank\">\n                <button class=\"button button--spacing button--invert \">\n                    Referenzbericht lesen                                    <\/button>\n            <\/a>\n        \n        \n\t\t[\/vc_column][vc_column width=&#8220;1\/2&#8243;][vc_single_image image=&#8220;2559&#8243; img_size=&#8220;&#8220; alignment=&#8220;center&#8220; onclick=&#8220;custom_link&#8220; img_link_target=&#8220;_blank&#8220; css=&#8220;&#8220; link=&#8220;https:\/\/www.ordat.com\/index.html&#8220;][vc_column_text]<\/p>\n<p style=\"text-align: center;\">ORDAT GmbH &amp; Co. KG<\/p>\n<p>[\/vc_column_text][vc_column_text]<\/p>\n<h3>Gro\u00dfe Sicherheit mit Sanktionspr\u00fcfung<\/h3>\n<p>[\/vc_column_text][vc_column_text]ERP-Anbieter ORDAT setzt erfolgreich FORMAT-SAM ein[\/vc_column_text]        \n                    <a href=\"https:\/\/www.formatsoftware.de\/wp-content\/uploads\/2025\/09\/Referenzbericht_ORDAT-GmbH-Co.-KG.pdf\"\n            title=\"Referenzbericht lesen\"\n            target=\"_blank\">\n                <button class=\"button button--spacing button--invert \">\n                    Referenzbericht lesen                                    <\/button>\n            <\/a>\n        \n        \n\t\t[\/vc_column][\/vc_row][vc_row element_spacing=&#8220;space&#8211;large&#8220;][vc_column width=&#8220;1\/2&#8243;][vc_single_image image=&#8220;2561&#8243; img_size=&#8220;&#8220; alignment=&#8220;center&#8220; onclick=&#8220;custom_link&#8220; img_link_target=&#8220;_blank&#8220; css=&#8220;&#8220; link=&#8220;https:\/\/solarlux.com\/de-de\/index.html&#8220;][vc_column_text]<\/p>\n<p style=\"text-align: center;\">Solarlux GmbH<\/p>\n<p>[\/vc_column_text][vc_column_text]<\/p>\n<h3>Ma\u00dfgeschneiderte Versandabwicklung mit FORMAT-IVEAS bereits seit 2009<\/h3>\n<p>[\/vc_column_text][vc_column_text]Der Beginn des Moduls PTS: Das Pack- &amp; Transportsystem bei Solarlux[\/vc_column_text]        \n                    <a href=\"https:\/\/www.formatsoftware.de\/wp-content\/uploads\/2025\/09\/Referenzbericht_Solarlux-GmbH.pdf\"\n            title=\"Referenzbericht lesen\"\n            target=\"_blank\">\n                <button class=\"button button--spacing button--invert \">\n                    Referenzbericht lesen                                    <\/button>\n            <\/a>\n        \n        \n\t\t[\/vc_column][vc_column width=&#8220;1\/2&#8243;][vc_single_image image=&#8220;2565&#8243; img_size=&#8220;medium&#8220; alignment=&#8220;center&#8220; onclick=&#8220;custom_link&#8220; img_link_target=&#8220;_blank&#8220; css=&#8220;&#8220; el_class=&#8220;max-300&#8243; link=&#8220;https:\/\/www.butz.de\/&#8220;][vc_column_text]<\/p>\n<p style=\"text-align: center;\">Verzollungsb\u00fcro Butz GmbH<\/p>\n<p>[\/vc_column_text][vc_column_text]<\/p>\n<h3>Komplexe Auftr\u00e4ge \u2013 verl\u00e4ssliche L\u00f6sungen<\/h3>\n<p>[\/vc_column_text][vc_column_text]Seit 35 Jahren arbeiten Verzollungsb\u00fcro Butz und FORMAT Seite an Seite[\/vc_column_text]        \n                    <a href=\"https:\/\/www.formatsoftware.de\/wp-content\/uploads\/2025\/09\/Referenzbericht_Verzollungsbuero-Butz-.pdf\"\n            title=\"Referenzbericht lesen\"\n            target=\"_blank\">\n                <button class=\"button button--spacing button--invert \">\n                    Referenzbericht lesen                                    <\/button>\n            <\/a>\n        \n        \n\t\t[\/vc_column][\/vc_row][\/vc_section]<\/p>\n<\/div>","protected":false},"excerpt":{"rendered":"<p>[vc_section element_spacing=&#8220;space&#8211;medium&#8220;][vc_row][vc_column width=&#8220;1\/2&#8243;][vc_column_text]Wir arbeiten mit den verschiedensten Kunden zusammen. Eine Gemeinsamkeit haben sie nat\u00fcrlich: Sie alle vertrauen auf die Softwarel\u00f6sungen von FORMAT. Welche Entscheidungskriterien dabei eine gro\u00dfe Rolle spielten, was f\u00fcr Herausforderungen es zu bew\u00e4ltigen gab und wovon sie jetzt in ihrem Berufsalltag profitieren, erfahren Sie in unseren Referenzkundenberichten.[\/vc_column_text][\/vc_column][vc_column width=&#8220;1\/2&#8243;][\/vc_column][\/vc_row][\/vc_section][vc_section][vc_row][vc_column][\/vc_column][\/vc_row][\/vc_section][vc_section element_spacing=&#8220;space&#8211;large&#8220;][vc_row element_spacing=&#8220;space&#8211;large&#8220;][vc_column width=&#8220;1\/2&#8243;][vc_single_image image=&#8220;2563&#8243; img_size=&#8220;&#8220; [&hellip;]<\/p>\n","protected":false},"author":5,"featured_media":0,"parent":0,"menu_order":0,"comment_status":"closed","ping_status":"closed","template":"","meta":{"_acf_changed":false,"footnotes":""},"class_list":["post-1435","page","type-page","status-publish","hentry"],"acf":[],"yoast_head":"<!-- This site is optimized with the Yoast SEO Premium plugin v26.5 (Yoast SEO v27.5) - https:\/\/yoast.com\/product\/yoast-seo-premium-wordpress\/ -->\n<title>Kundenprojekte - FORMAT Software Service GmbH<\/title>\n<meta name=\"description\" content=\"Entdecken Sie unsere Kundenprojekte: Lesen Sie Referenzberichte und erfahren Sie, wie eine erfolgreiche Zusammenarbeit mit uns aussehen kann.\" \/>\n<meta name=\"robots\" content=\"index, follow, max-snippet:-1, max-image-preview:large, max-video-preview:-1\" \/>\n<link rel=\"canonical\" href=\"https:\/\/www.formatsoftware.de\/de\/kundenprojekte\/\" \/>\n<meta property=\"og:locale\" content=\"de_DE\" \/>\n<meta property=\"og:type\" content=\"article\" \/>\n<meta property=\"og:title\" content=\"Kundenprojekte\" \/>\n<meta property=\"og:description\" content=\"Entdecken Sie unsere Kundenprojekte: Lesen Sie Referenzberichte und erfahren Sie, wie eine erfolgreiche Zusammenarbeit mit uns aussehen kann.\" \/>\n<meta property=\"og:url\" content=\"https:\/\/www.formatsoftware.de\/de\/kundenprojekte\/\" \/>\n<meta property=\"og:site_name\" content=\"FORMAT Software Service GmbH\" \/>\n<meta property=\"article:modified_time\" content=\"2025-12-02T11:37:36+00:00\" \/>\n<meta name=\"twitter:card\" content=\"summary_large_image\" \/>\n<meta name=\"twitter:label1\" content=\"Gesch\u00e4tzte Lesezeit\" \/>\n\t<meta name=\"twitter:data1\" content=\"4\u00a0Minuten\" \/>\n<script type=\"application\/ld+json\" class=\"yoast-schema-graph\">{\"@context\":\"https:\\\/\\\/schema.org\",\"@graph\":[{\"@type\":\"WebPage\",\"@id\":\"https:\\\/\\\/www.formatsoftware.de\\\/de\\\/kundenprojekte\\\/\",\"url\":\"https:\\\/\\\/www.formatsoftware.de\\\/de\\\/kundenprojekte\\\/\",\"name\":\"Kundenprojekte - FORMAT Software Service GmbH\",\"isPartOf\":{\"@id\":\"https:\\\/\\\/www.formatsoftware.de\\\/de\\\/#website\"},\"datePublished\":\"2025-05-22T08:52:30+00:00\",\"dateModified\":\"2025-12-02T11:37:36+00:00\",\"description\":\"Entdecken Sie unsere Kundenprojekte: Lesen Sie Referenzberichte und erfahren Sie, wie eine erfolgreiche Zusammenarbeit mit uns aussehen kann.\",\"breadcrumb\":{\"@id\":\"https:\\\/\\\/www.formatsoftware.de\\\/de\\\/kundenprojekte\\\/#breadcrumb\"},\"inLanguage\":\"de\",\"potentialAction\":[{\"@type\":\"ReadAction\",\"target\":[\"https:\\\/\\\/www.formatsoftware.de\\\/de\\\/kundenprojekte\\\/\"]}]},{\"@type\":\"BreadcrumbList\",\"@id\":\"https:\\\/\\\/www.formatsoftware.de\\\/de\\\/kundenprojekte\\\/#breadcrumb\",\"itemListElement\":[{\"@type\":\"ListItem\",\"position\":1,\"name\":\"Home\",\"item\":\"https:\\\/\\\/www.formatsoftware.de\\\/de\\\/\"},{\"@type\":\"ListItem\",\"position\":2,\"name\":\"Kundenprojekte\"}]},{\"@type\":\"WebSite\",\"@id\":\"https:\\\/\\\/www.formatsoftware.de\\\/de\\\/#website\",\"url\":\"https:\\\/\\\/www.formatsoftware.de\\\/de\\\/\",\"name\":\"FORMAT Software Service GmbH\",\"description\":\"\",\"publisher\":{\"@id\":\"https:\\\/\\\/www.formatsoftware.de\\\/de\\\/#organization\"},\"potentialAction\":[{\"@type\":\"SearchAction\",\"target\":{\"@type\":\"EntryPoint\",\"urlTemplate\":\"https:\\\/\\\/www.formatsoftware.de\\\/de\\\/?s={search_term_string}\"},\"query-input\":{\"@type\":\"PropertyValueSpecification\",\"valueRequired\":true,\"valueName\":\"search_term_string\"}}],\"inLanguage\":\"de\"},{\"@type\":\"Organization\",\"@id\":\"https:\\\/\\\/www.formatsoftware.de\\\/de\\\/#organization\",\"name\":\"FORMAT Software Service GmbH\",\"url\":\"https:\\\/\\\/www.formatsoftware.de\\\/de\\\/\",\"logo\":{\"@type\":\"ImageObject\",\"inLanguage\":\"de\",\"@id\":\"https:\\\/\\\/www.formatsoftware.de\\\/de\\\/#\\\/schema\\\/logo\\\/image\\\/\",\"url\":\"https:\\\/\\\/www.formatsoftware.de\\\/wp-content\\\/uploads\\\/2025\\\/07\\\/formal-logo.svg\",\"contentUrl\":\"https:\\\/\\\/www.formatsoftware.de\\\/wp-content\\\/uploads\\\/2025\\\/07\\\/formal-logo.svg\",\"caption\":\"FORMAT Software Service GmbH\"},\"image\":{\"@id\":\"https:\\\/\\\/www.formatsoftware.de\\\/de\\\/#\\\/schema\\\/logo\\\/image\\\/\"},\"sameAs\":[\"https:\\\/\\\/www.linkedin.com\\\/company\\\/format-software-service-gmbh?originalSubdomain=de\",\"https:\\\/\\\/www.xing.com\\\/pages\\\/formatsoftwareservicegmbh\",\"https:\\\/\\\/www.youtube.com\\\/@FORMATSoftwareServiceGmbH\"]}]}<\/script>\n<!-- \/ Yoast SEO Premium plugin. -->","yoast_head_json":{"title":"Kundenprojekte - FORMAT Software Service GmbH","description":"Entdecken Sie unsere Kundenprojekte: Lesen Sie Referenzberichte und erfahren Sie, wie eine erfolgreiche Zusammenarbeit mit uns aussehen kann.","robots":{"index":"index","follow":"follow","max-snippet":"max-snippet:-1","max-image-preview":"max-image-preview:large","max-video-preview":"max-video-preview:-1"},"canonical":"https:\/\/www.formatsoftware.de\/de\/kundenprojekte\/","og_locale":"de_DE","og_type":"article","og_title":"Kundenprojekte","og_description":"Entdecken Sie unsere Kundenprojekte: Lesen Sie Referenzberichte und erfahren Sie, wie eine erfolgreiche Zusammenarbeit mit uns aussehen kann.","og_url":"https:\/\/www.formatsoftware.de\/de\/kundenprojekte\/","og_site_name":"FORMAT Software Service GmbH","article_modified_time":"2025-12-02T11:37:36+00:00","twitter_card":"summary_large_image","twitter_misc":{"Gesch\u00e4tzte Lesezeit":"4\u00a0Minuten"},"schema":{"@context":"https:\/\/schema.org","@graph":[{"@type":"WebPage","@id":"https:\/\/www.formatsoftware.de\/de\/kundenprojekte\/","url":"https:\/\/www.formatsoftware.de\/de\/kundenprojekte\/","name":"Kundenprojekte - FORMAT Software Service GmbH","isPartOf":{"@id":"https:\/\/www.formatsoftware.de\/de\/#website"},"datePublished":"2025-05-22T08:52:30+00:00","dateModified":"2025-12-02T11:37:36+00:00","description":"Entdecken Sie unsere Kundenprojekte: Lesen Sie Referenzberichte und erfahren Sie, wie eine erfolgreiche Zusammenarbeit mit uns aussehen kann.","breadcrumb":{"@id":"https:\/\/www.formatsoftware.de\/de\/kundenprojekte\/#breadcrumb"},"inLanguage":"de","potentialAction":[{"@type":"ReadAction","target":["https:\/\/www.formatsoftware.de\/de\/kundenprojekte\/"]}]},{"@type":"BreadcrumbList","@id":"https:\/\/www.formatsoftware.de\/de\/kundenprojekte\/#breadcrumb","itemListElement":[{"@type":"ListItem","position":1,"name":"Home","item":"https:\/\/www.formatsoftware.de\/de\/"},{"@type":"ListItem","position":2,"name":"Kundenprojekte"}]},{"@type":"WebSite","@id":"https:\/\/www.formatsoftware.de\/de\/#website","url":"https:\/\/www.formatsoftware.de\/de\/","name":"FORMAT Software Service GmbH","description":"","publisher":{"@id":"https:\/\/www.formatsoftware.de\/de\/#organization"},"potentialAction":[{"@type":"SearchAction","target":{"@type":"EntryPoint","urlTemplate":"https:\/\/www.formatsoftware.de\/de\/?s={search_term_string}"},"query-input":{"@type":"PropertyValueSpecification","valueRequired":true,"valueName":"search_term_string"}}],"inLanguage":"de"},{"@type":"Organization","@id":"https:\/\/www.formatsoftware.de\/de\/#organization","name":"FORMAT Software Service GmbH","url":"https:\/\/www.formatsoftware.de\/de\/","logo":{"@type":"ImageObject","inLanguage":"de","@id":"https:\/\/www.formatsoftware.de\/de\/#\/schema\/logo\/image\/","url":"https:\/\/www.formatsoftware.de\/wp-content\/uploads\/2025\/07\/formal-logo.svg","contentUrl":"https:\/\/www.formatsoftware.de\/wp-content\/uploads\/2025\/07\/formal-logo.svg","caption":"FORMAT Software Service GmbH"},"image":{"@id":"https:\/\/www.formatsoftware.de\/de\/#\/schema\/logo\/image\/"},"sameAs":["https:\/\/www.linkedin.com\/company\/format-software-service-gmbh?originalSubdomain=de","https:\/\/www.xing.com\/pages\/formatsoftwareservicegmbh","https:\/\/www.youtube.com\/@FORMATSoftwareServiceGmbH"]}]}},"_links":{"self":[{"href":"https:\/\/www.formatsoftware.de\/de\/wp-json\/wp\/v2\/pages\/1435","targetHints":{"allow":["GET"]}}],"collection":[{"href":"https:\/\/www.formatsoftware.de\/de\/wp-json\/wp\/v2\/pages"}],"about":[{"href":"https:\/\/www.formatsoftware.de\/de\/wp-json\/wp\/v2\/types\/page"}],"author":[{"embeddable":true,"href":"https:\/\/www.formatsoftware.de\/de\/wp-json\/wp\/v2\/users\/5"}],"replies":[{"embeddable":true,"href":"https:\/\/www.formatsoftware.de\/de\/wp-json\/wp\/v2\/comments?post=1435"}],"version-history":[{"count":98,"href":"https:\/\/www.formatsoftware.de\/de\/wp-json\/wp\/v2\/pages\/1435\/revisions"}],"predecessor-version":[{"id":5723,"href":"https:\/\/www.formatsoftware.de\/de\/wp-json\/wp\/v2\/pages\/1435\/revisions\/5723"}],"wp:attachment":[{"href":"https:\/\/www.formatsoftware.de\/de\/wp-json\/wp\/v2\/media?parent=1435"}],"curies":[{"name":"wp","href":"https:\/\/api.w.org\/{rel}","templated":true}]}}